{"id":849,"date":"2025-07-16T04:23:49","date_gmt":"2025-07-16T04:23:49","guid":{"rendered":"https:\/\/themexriver.com\/wp\/travlia\/?page_id=849"},"modified":"2026-05-06T12:01:02","modified_gmt":"2026-05-06T17:01:02","slug":"nosotros","status":"publish","type":"page","link":"https:\/\/salviacrea.com\/en\/nosotros\/","title":{"rendered":"Nosotros"},"content":{"rendered":"\t\t<div data-elementor-type=\"wp-page\" data-elementor-id=\"849\" class=\"elementor elementor-849\" data-elementor-post-type=\"page\">\n\t\t\t\t<div class=\"elementor-element elementor-element-4d36069 e-con-full e-flex e-con e-parent\" data-id=\"4d36069\" data-element_type=\"container\" data-e-type=\"container\">\n\t\t\t\t<div class=\"elementor-element elementor-element-9f340e2 elementor-widget elementor-widget-image\" data-id=\"9f340e2\" data-element_type=\"widget\" data-e-type=\"widget\" data-widget_type=\"image.default\">\n\t\t\t\t\t\t\t\t\t\t\t\t\t\t\t<img fetchpriority=\"high\" decoding=\"async\" width=\"1920\" height=\"500\" src=\"https:\/\/salviacrea.com\/wp-content\/uploads\/2026\/05\/nosotoros.webp\" class=\"attachment-full size-full wp-image-2279\" alt=\"\" srcset=\"https:\/\/salviacrea.com\/wp-content\/uploads\/2026\/05\/nosotoros.webp 1920w, https:\/\/salviacrea.com\/wp-content\/uploads\/2026\/05\/nosotoros-300x78.webp 300w, https:\/\/salviacrea.com\/wp-content\/uploads\/2026\/05\/nosotoros-1024x267.webp 1024w, https:\/\/salviacrea.com\/wp-content\/uploads\/2026\/05\/nosotoros-768x200.webp 768w, https:\/\/salviacrea.com\/wp-content\/uploads\/2026\/05\/nosotoros-1536x400.webp 1536w, https:\/\/salviacrea.com\/wp-content\/uploads\/2026\/05\/nosotoros-18x5.webp 18w, https:\/\/salviacrea.com\/wp-content\/uploads\/2026\/05\/nosotoros-600x156.webp 600w\" sizes=\"(max-width: 1920px) 100vw, 1920px\" \/>\t\t\t\t\t\t\t\t\t\t\t\t\t\t\t<\/div>\n\t\t\t\t<\/div>\n\t\t<div class=\"elementor-element elementor-element-e1d444a e-con-full e-flex e-con e-parent\" data-id=\"e1d444a\" data-element_type=\"container\" data-e-type=\"container\">\n\t\t\t\t<div class=\"elementor-element elementor-element-05e58ad e-full_width e-n-menu-layout-horizontal e-n-menu-tablet elementor-widget elementor-widget-n-menu\" data-id=\"05e58ad\" data-element_type=\"widget\" data-e-type=\"widget\" data-settings=\"{&quot;menu_items&quot;:[{&quot;item_title&quot;:&quot;INICIO&quot;,&quot;_id&quot;:&quot;a76e3fd&quot;,&quot;item_link&quot;:{&quot;url&quot;:&quot;https:\\\/\\\/salviacrea.com\\\/&quot;,&quot;is_external&quot;:&quot;&quot;,&quot;nofollow&quot;:&quot;&quot;,&quot;custom_attributes&quot;:&quot;&quot;},&quot;item_dropdown_content&quot;:&quot;no&quot;,&quot;item_icon&quot;:{&quot;value&quot;:&quot;&quot;,&quot;library&quot;:&quot;&quot;},&quot;item_icon_active&quot;:null,&quot;element_id&quot;:&quot;&quot;},{&quot;item_title&quot;:&quot;NOSOTROS&quot;,&quot;_id&quot;:&quot;f37c163&quot;,&quot;item_link&quot;:{&quot;url&quot;:&quot;https:\\\/\\\/salviacrea.com\\\/nosotros\\\/&quot;,&quot;is_external&quot;:&quot;&quot;,&quot;nofollow&quot;:&quot;&quot;,&quot;custom_attributes&quot;:&quot;&quot;},&quot;item_dropdown_content&quot;:&quot;yes&quot;,&quot;item_icon&quot;:{&quot;value&quot;:&quot;&quot;,&quot;library&quot;:&quot;&quot;},&quot;item_icon_active&quot;:null,&quot;element_id&quot;:&quot;&quot;}],&quot;item_position_horizontal&quot;:&quot;start&quot;,&quot;open_animation&quot;:&quot;fadeIn&quot;,&quot;content_width&quot;:&quot;full_width&quot;,&quot;item_layout&quot;:&quot;horizontal&quot;,&quot;open_on&quot;:&quot;hover&quot;,&quot;horizontal_scroll&quot;:&quot;disable&quot;,&quot;breakpoint_selector&quot;:&quot;tablet&quot;,&quot;menu_item_title_distance_from_content&quot;:{&quot;unit&quot;:&quot;px&quot;,&quot;size&quot;:0,&quot;sizes&quot;:[]},&quot;menu_item_title_distance_from_content_tablet&quot;:{&quot;unit&quot;:&quot;px&quot;,&quot;size&quot;:&quot;&quot;,&quot;sizes&quot;:[]},&quot;menu_item_title_distance_from_content_mobile&quot;:{&quot;unit&quot;:&quot;px&quot;,&quot;size&quot;:&quot;&quot;,&quot;sizes&quot;:[]}}\" data-widget_type=\"mega-menu.default\">\n\t\t\t\t\t\t\t<nav class=\"e-n-menu\" data-widget-number=\"618\" aria-label=\"MIGAS\">\n\t\t\t\t\t<button class=\"e-n-menu-toggle\" id=\"menu-toggle-618\" aria-haspopup=\"true\" aria-expanded=\"false\" aria-controls=\"menubar-618\" aria-label=\"Menu Toggle\">\n\t\t\t<span class=\"e-n-menu-toggle-icon e-open\">\n\t\t\t\t<i class=\"eicon-menu-bar\"><\/i>\t\t\t<\/span>\n\t\t\t<span class=\"e-n-menu-toggle-icon e-close\">\n\t\t\t\t<i class=\"eicon-close\"><\/i>\t\t\t<\/span>\n\t\t<\/button>\n\t\t\t\t\t<div class=\"e-n-menu-wrapper\" id=\"menubar-618\" aria-labelledby=\"menu-toggle-618\">\n\t\t\t\t<ul class=\"e-n-menu-heading\">\n\t\t\t\t\t\t\t\t<li class=\"e-n-menu-item\">\n\t\t\t\t<div id=\"e-n-menu-title-6181\" class=\"e-n-menu-title\">\n\t\t\t\t\t<a class=\"e-n-menu-title-container e-focus e-link\" href=\"https:\/\/salviacrea.com\/\">\t\t\t\t\t\t\t\t\t\t\t\t<span class=\"e-n-menu-title-text\">\n\t\t\t\t\t\t\tINICIO\t\t\t\t\t\t<\/span>\n\t\t\t\t\t<\/a>\t\t\t\t\t\t\t\t\t<\/div>\n\t\t\t\t\t\t\t<\/li>\n\t\t\t\t\t<li class=\"e-n-menu-item\">\n\t\t\t\t<div id=\"e-n-menu-title-6182\" class=\"e-n-menu-title e-current\">\n\t\t\t\t\t<a class=\"e-n-menu-title-container e-focus e-link\" href=\"https:\/\/salviacrea.com\/nosotros\/\" aria-current=\"page\">\t\t\t\t\t\t\t\t\t\t\t\t<span class=\"e-n-menu-title-text\">\n\t\t\t\t\t\t\tNOSOTROS\t\t\t\t\t\t<\/span>\n\t\t\t\t\t<\/a>\t\t\t\t\t\t\t\t\t\t\t<button id=\"e-n-menu-dropdown-icon-6182\" class=\"e-n-menu-dropdown-icon e-focus\" data-tab-index=\"2\" aria-haspopup=\"true\" aria-expanded=\"false\" aria-controls=\"e-n-menu-content-6182\" >\n\t\t\t\t\t\t\t<span class=\"e-n-menu-dropdown-icon-opened\">\n\t\t\t\t\t\t\t\t<i aria-hidden=\"true\" class=\"fas fa-chevron-right\"><\/i>\t\t\t\t\t\t\t\t<span class=\"elementor-screen-only\">Close NOSOTROS<\/span>\n\t\t\t\t\t\t\t<\/span>\n\t\t\t\t\t\t\t<span class=\"e-n-menu-dropdown-icon-closed\">\n\t\t\t\t\t\t\t\t<i aria-hidden=\"true\" class=\"fas fa-chevron-circle-right\"><\/i>\t\t\t\t\t\t\t\t<span class=\"elementor-screen-only\">Open NOSOTROS<\/span>\n\t\t\t\t\t\t\t<\/span>\n\t\t\t\t\t\t<\/button>\n\t\t\t\t\t\t\t\t\t<\/div>\n\t\t\t\t\t\t\t\t\t<div class=\"e-n-menu-content\">\n\t\t\t\t\t\t\t\t\t\t\t<\/div>\n\t\t\t\t\t\t\t<\/li>\n\t\t\t\t\t\t<\/ul>\n\t\t\t<\/div>\n\t\t<\/nav>\n\t\t\t\t\t\t<\/div>\n\t\t\t\t<div class=\"elementor-element elementor-element-046d49e elementor-widget elementor-widget-spacer\" data-id=\"046d49e\" data-element_type=\"widget\" data-e-type=\"widget\" data-widget_type=\"spacer.default\">\n\t\t\t\t\t\t\t<div class=\"elementor-spacer\">\n\t\t\t<div class=\"elementor-spacer-inner\"><\/div>\n\t\t<\/div>\n\t\t\t\t\t\t<\/div>\n\t\t\t\t<div class=\"elementor-element elementor-element-437d024 elementor-widget elementor-widget-go-about\" data-id=\"437d024\" data-element_type=\"widget\" data-e-type=\"widget\" data-widget_type=\"go-about.default\">\n\t\t\t\t<div class=\"elementor-widget-container\">\n\t\t\t\t\t<div class=\"tv-ab1-content d-flex\">\n    <div class=\"tv-ab1-title over-hidden\">\n        <div class=\"tv-sec-title1  headline-1\">\n                        <div class=\"subtitle  tv-sub-tilte tv-sub-anim\">\n                Descubre lo maravilloso de la Selva            <\/div>\n                        <h1 class=\"elementor-gt-heading sec_title  tv-sec-title tv-has-anim\">Bienvenido a Salviacrea<\/h1>        <\/div>\n                    <div class=\"tv-ab1-img1 ptx-image-appear1 over-hidden mt-45\">\n                <img decoding=\"async\" class=\"ptx-img-rvl_1\" src=\"https:\/\/themexriver.com\/wp\/travlia\/wp-content\/uploads\/2025\/07\/ab1.webp\" alt=\"\">\n            <\/div>\n            <\/div>\n    <div class=\"tv-ab1-feature pt-25 pera-content\">\n                    <p><p>Un espacio donde la naturaleza, el silencio y la energ\u00eda de la selva se unen para ofrecerte una experiencia \u00fanica.<\/p><p>Aqu\u00ed no solo vienes a descansar\u2026 vienes a reconectar contigo, a respirar profundo y a redescubrir lo esencial.<\/p><p>Salviarea es m\u00e1s que un destino, es un viaje hacia tu esencia.<\/p><p>Salviacrea somos una agencia de viajes operadora de turismo, conformada por un equipo humano local, diverso y transgeneracional. Nos dedicamos a cuidar y<br \/>promover el patrimonio natural y cultural de las<br \/>regiones m\u00e1s aisladas y biodiversas de Per\u00fa, bajo los principios de la sostenibilidad.<\/p><\/p>\n                            <div class=\"tv-ab1-ft-item-wrap mt-50\">\n                                <div class=\"tv-ab1-ft-item\">\n                    <div class=\"item-icon\">\n                        <i aria-hidden=\"true\" class=\"flaticon flaticon-travel\"><\/i>                    <\/div>\n                    <div class=\"item-text headline-1 pera-content\">\n                        <h3>Ofrecemos experiencias <\/h3>\n                        \n                    <\/div>\n                <\/div>\n                            <\/div>\n                            <div class=\"tv-btn1 btn-spin text-uppercase\">\n                <a href=\"#\">Ver Tours<\/a>\n            <\/div>\n            <\/div>\n    <div class=\"tv-ab1-img2 position-relative\">\n                    <span class=\"tv-ab1-img3 tv_img_view position-absolute\"><img decoding=\"async\" src=\"https:\/\/themexriver.com\/wp\/travlia\/wp-content\/uploads\/2025\/07\/ab3.webp\" alt=\"\"><\/span>\n                <div class=\"item-img\">\n            <video autoplay=\"\" muted=\"\" loop=\"\" playsinline=\"\" preload=\"metadata\"><source src=\"\n            https:\/\/themexriver.com\/wp\/travlia\/3.mp4            \" type=\"video\/mp4\">\n\t\t\t\t<\/video>\n        <\/div>\n                    <div class=\"item-text mt-15 d-flex align-items-center justify-content-end\">\n                <i class=\"fa-solid fa-map-location-dot\"><\/i><span> <p><a href=\"#\">Descubre lugares hermosos en la amazonia peruana<\/a><\/p><\/span>\n            <\/div>\n            <\/div>\n<\/div>\t\t\t\t<\/div>\n\t\t\t\t<\/div>\n\t\t\t\t<div class=\"elementor-element elementor-element-40ce737 elementor-widget elementor-widget-spacer\" data-id=\"40ce737\" data-element_type=\"widget\" data-e-type=\"widget\" data-widget_type=\"spacer.default\">\n\t\t\t\t\t\t\t<div class=\"elementor-spacer\">\n\t\t\t<div class=\"elementor-spacer-inner\"><\/div>\n\t\t<\/div>\n\t\t\t\t\t\t<\/div>\n\t\t\t\t<\/div>\n\t\t<div class=\"elementor-element elementor-element-4589f5b e-con-full e-flex e-con e-parent\" data-id=\"4589f5b\" data-element_type=\"container\" data-e-type=\"container\">\n\t\t\t\t<div class=\"elementor-element elementor-element-2ca1350 elementor-widget elementor-widget-go-service\" data-id=\"2ca1350\" data-element_type=\"widget\" data-e-type=\"widget\" data-widget_type=\"go-service.default\">\n\t\t\t\t<div class=\"elementor-widget-container\">\n\t\t\t\t\t<div class=\"tv-holiday-content mt-30\">\n            <div class=\"tv-holiday-item d-flex top_view  justify-content-between\">\n                            <div class=\"item-img\">\n                    <img decoding=\"async\" src=\"https:\/\/salviacrea.com\/wp-content\/uploads\/2026\/05\/imageye___-_imgi_21_turismo_receptivo_portada.webp\" alt=\"\">\n                <\/div>\n                        <div class=\"item-text headline-1 pera-content\">\n                <h3><a target=\"_self\" rel=\"\" href=\"\">NUESTRA ESENCIA<\/a><\/h3>\n                                    <p>Salviarea nace del amor por la naturaleza y la pasi\u00f3n por crear experiencias con prop\u00f3sito.<br \/>\n<br \/>\nCreemos en un turismo diferente:<br \/>\n<br \/>\n\u2714\ufe0f M\u00e1s consciente<br \/>\n\u2714\ufe0f M\u00e1s humano<br \/>\n\u2714\ufe0f M\u00e1s conectado con la naturaleza<br \/>\n<br \/>\nNo recibimos solo hu\u00e9spedes\u2026 recibimos personas que buscan sentir, vivir y transformarse.<\/p>\n                            <\/div>\n                    <\/div>\n    <\/div>\t\t\t\t<\/div>\n\t\t\t\t<\/div>\n\t\t\t\t<div class=\"elementor-element elementor-element-0c3ea7b elementor-widget elementor-widget-spacer\" data-id=\"0c3ea7b\" data-element_type=\"widget\" data-e-type=\"widget\" data-widget_type=\"spacer.default\">\n\t\t\t\t\t\t\t<div class=\"elementor-spacer\">\n\t\t\t<div class=\"elementor-spacer-inner\"><\/div>\n\t\t<\/div>\n\t\t\t\t\t\t<\/div>\n\t\t\t\t<\/div>\n\t\t\t\t<\/div>\n\t\t\n    <div class=\"xs_social_share_widget xs_share_url after_content \t\tmain_content  wslu-style-1 wslu-share-box-shaped wslu-fill-colored wslu-none wslu-share-horizontal wslu-theme-font-no wslu-main_content\">\n\n\t\t\n        <ul>\n\t\t\t        <\/ul>\n    <\/div> \n","protected":false},"excerpt":{"rendered":"<p>INICIO NOSOTROS Close NOSOTROS Open NOSOTROS Descubre lo maravilloso de la Selva Bienvenido a Salviacrea Un espacio donde la naturaleza, el silencio y la energ\u00eda de la selva se unen para ofrecerte una experiencia \u00fanica. Aqu\u00ed no solo vienes a descansar\u2026 vienes a reconectar contigo, a respirar profundo y a redescubrir lo esencial. Salviarea es [&hellip;]<\/p>\n","protected":false},"author":1,"featured_media":1719,"parent":0,"menu_order":0,"comment_status":"closed","ping_status":"closed","template":"elementor_header_footer","meta":{"footnotes":""},"class_list":["post-849","page","type-page","status-publish","has-post-thumbnail","hentry"],"_links":{"self":[{"href":"https:\/\/salviacrea.com\/en\/wp-json\/wp\/v2\/pages\/849","targetHints":{"allow":["GET"]}}],"collection":[{"href":"https:\/\/salviacrea.com\/en\/wp-json\/wp\/v2\/pages"}],"about":[{"href":"https:\/\/salviacrea.com\/en\/wp-json\/wp\/v2\/types\/page"}],"author":[{"embeddable":true,"href":"https:\/\/salviacrea.com\/en\/wp-json\/wp\/v2\/users\/1"}],"replies":[{"embeddable":true,"href":"https:\/\/salviacrea.com\/en\/wp-json\/wp\/v2\/comments?post=849"}],"version-history":[{"count":84,"href":"https:\/\/salviacrea.com\/en\/wp-json\/wp\/v2\/pages\/849\/revisions"}],"predecessor-version":[{"id":2288,"href":"https:\/\/salviacrea.com\/en\/wp-json\/wp\/v2\/pages\/849\/revisions\/2288"}],"wp:featuredmedia":[{"embeddable":true,"href":"https:\/\/salviacrea.com\/en\/wp-json\/wp\/v2\/media\/1719"}],"wp:attachment":[{"href":"https:\/\/salviacrea.com\/en\/wp-json\/wp\/v2\/media?parent=849"}],"curies":[{"name":"wp","href":"https:\/\/api.w.org\/{rel}","templated":true}]}}